{"id":3239,"date":"2025-12-04T12:36:33","date_gmt":"2025-12-04T11:36:33","guid":{"rendered":"https:\/\/derda.p3group.de\/?page_id=3239"},"modified":"2025-12-04T13:05:40","modified_gmt":"2025-12-04T12:05:40","slug":"conditions","status":"publish","type":"page","link":"https:\/\/derda.de\/en\/conditions\/","title":{"rendered":"Conditions"},"content":{"rendered":"<div class=\"wpb-content-wrapper\"><p>[vc_row full_width=&#8221;stretch_row&#8221; content_placement=&#8221;bottom&#8221; el_id=&#8221;page-header&#8221; el_class=&#8221;mb_lg&#8221;][vc_column offset=&#8221;vc_col-lg-9 vc_col-md-8&#8243;][vc_column_text css=&#8221;&#8221; el_class=&#8221;h1_to_h2 mb_sm&#8221;]<\/p>\n<h1>GENERAL BUSINESS AND PACKAGING CONDITIONS OF DERDA LOGISTIK GMBH<\/h1>\n<p>[\/vc_column_text][\/vc_column][vc_column width=&#8221;1\/12&#8243; offset=&#8221;vc_col-lg-3 vc_col-md-4 vc_hidden-sm vc_hidden-xs&#8221;]<div class=\"private:-page-header-box\"><div class=\"wpb-content-wrapper\"><p>[vc_row el_id=&#8221;page-header-box&#8221;][vc_column el_class=&#8221;top&#8221;][vc_column_text css=&#8221;&#8221; el_class=&#8221;mb_0 color-white text-uppercase d-none d-lg-block&#8221;]<a class=\"stretched-link\" href=\"\/kontakt#rueckruf\"><strong>R\u00fcckruf anfordern<\/strong><\/a>[\/vc_column_text]<div class=\"svg-wrapper svg-icon-white svg-icon-sm\"><img decoding=\"async\" class=\"injectable skip-lazy\" src=\"https:\/\/derda.de\/wp-content\/uploads\/2025\/10\/arrow-right-up.svg\" alt=\"\" title=\"arrow-right-up\" \/><\/div>[\/vc_column][vc_column el_class=&#8221;bottom&#8221;]<div class=\"svg-wrapper svg-icon-white svg-icon-md d-inline-block d-lg-none\"><img decoding=\"async\" class=\"injectable skip-lazy\" src=\"https:\/\/derda.de\/wp-content\/uploads\/2025\/11\/call-back.svg\" alt=\"\" title=\"call-back\" \/><\/div>[vc_column_text css=&#8221;&#8221; el_class=&#8221;color-white mb_sm d-none d-lg-block&#8221;]Ihr Partner im Bereich Full-Service-Logistik. Transport, Lagerung, Planung &#8211; alles aus einer Hand. Wir bieten ma\u00dfgeschneiderte L\u00f6sungen f\u00fcr Ihre Anforderungen.[\/vc_column_text][vc_btn title=&#8221;Leistungen&#8221; css=&#8221;&#8221; link=&#8221;url:%2Fleistungen%2F|title:Leistungen&#8221; el_class=&#8221;button-outline button-white button-sm d-none d-lg-block&#8221;][\/vc_column][\/vc_row]<\/p>\n<\/div><\/div>[\/vc_column][\/vc_row][vc_row el_class=&#8221;mb_lg&#8221; el_id=&#8221;agb&#8221;][vc_column width=&#8221;2\/3&#8243;][vc_column_text css=&#8221;&#8221; el_class=&#8221;text_lg&#8221;]<\/p>\n<div class=\"wpb_text_column wpb_content_element \">\n<div class=\"wpb_wrapper\">\n<p>We operate exclusively in accordance with the Allgemeine Deutsche Spediteurbedingungen 2017 \u2013 ADSp 2017 \u2013 (German Freight Forwarders\u2018 General Terms and Conditions 2017), as well as, in the case of the provision of packaging services, our General Terms and Conditions, and, in the case of the performance of heavy transports and crane work, the General Terms und Conditions BSK Kran \u2013 Transport 2020.<\/p>\n<p><strong><u>Note:<\/u><\/strong>\u00a0In clause 23 the ADSp 2017 deviates from the statutory liability limitation in section 431 German Commercial Code (HGB) by limiting the liability for multimodal transportation with the involvement of sea carriage and an unknown damage location to 2 SDR\/kg and, for the rest, the customary liability limitation of 8.33 SDR\/kg additionally to 1.25 million Euro per damage claim and 2.5 million Euro per damage event, but not less than 2 SDR\/kg.<\/p>\n<\/div>\n<\/div>\n<p>[\/vc_column_text]<div class=\"grid post-masonry-downloads\" id=\"masonry_downloads\" data-isotope=\"{&quot;masonry&quot;:{&quot;columnWidth&quot;:&quot;.grid-sizer&quot;,&quot;gutter&quot;:&quot;.gutter-sizer&quot;},&quot;itemSelector&quot;:&quot;.grid-item&quot;,&quot;percentPosition&quot;:true}\">\r\n\t<div class=\"grid-sizer\"><\/div>\r\n\t<div class=\"gutter-sizer\"><\/div>\r\n\t\t\t<div class=\"grid-item downloads_cat_terms-and-conditions\">\r\n\r\n\t\t\t<div class=\"card\">\r\n\t\t\t\t\r\n\t\t\t\t\r\n\t\t\t\t\t\t\t\t<div class=\"card-body\">\r\n\t\t\t\t\t<div class=\"row\">\r\n\t\t\t\t\t\t<div class=\"col-lg-7\">\r\n\t\t\t\t\t\t\t<p><strong>General German Forwarders\u2018 Conditions 2017 (ADSp 2017)<\/strong><\/p>\r\n\t\t\t\t\t\t\t\t\t\t\t\t\t<\/div>\r\n\t\t\t\t\t\t<div class=\"col-lg-5\">\r\n\t\t\t\t\t\t\t\r\n\t\t\t\t\t\t\t\t\t\t<div><a href=\"https:\/\/derda.de\/wp-content\/uploads\/2025\/12\/Spediteurbedingungen-englisch.pdf\" target=\"_blank\" class=\"stretched-link\">Download<\/a> <small class=\"ml-1\">370.03 KB<\/small><\/div>\r\n\t\t\t\t\t\t\t\t\t\t\r\n\t\t\t\t\t\t\t\t\t\t\t\t\t\t\t<\/div>\r\n\t\t\t\t\t<\/div>\r\n\r\n\t\t\t\t<\/div>\r\n\t\t\t\t\t\t\t<\/div>\r\n\r\n\t\t\t\r\n\t\t\t\r\n\t\t<\/div>\r\n\t\t\t<div class=\"grid-item downloads_cat_terms-and-conditions\">\r\n\r\n\t\t\t<div class=\"card\">\r\n\t\t\t\t\r\n\t\t\t\t\r\n\t\t\t\t\t\t\t\t<div class=\"card-body\">\r\n\t\t\t\t\t<div class=\"row\">\r\n\t\t\t\t\t\t<div class=\"col-lg-7\">\r\n\t\t\t\t\t\t\t<p><strong>GENERAL BUSINESS AND PACKAGING CONDITIONS OF DERDA LOGISTIK GMBH<\/strong><\/p>\r\n\t\t\t\t\t\t\t<p>CURRENT STATUS: 01.01.2019<\/p>\n\t\t\t\t\t\t<\/div>\r\n\t\t\t\t\t\t<div class=\"col-lg-5\">\r\n\t\t\t\t\t\t\t\r\n\t\t\t\t\t\t\t\t\t\t<div><a href=\"https:\/\/derda.de\/wp-content\/uploads\/2025\/12\/Conditions-Derda.pdf\" target=\"_blank\" class=\"stretched-link\">Download<\/a> <small class=\"ml-1\">196.21 KB<\/small><\/div>\r\n\t\t\t\t\t\t\t\t\t\t\r\n\t\t\t\t\t\t\t\t\t\t\t\t\t\t\t<\/div>\r\n\t\t\t\t\t<\/div>\r\n\r\n\t\t\t\t<\/div>\r\n\t\t\t\t\t\t\t<\/div>\r\n\r\n\t\t\t\r\n\t\t\t\r\n\t\t<\/div>\r\n\t\t\t<div class=\"grid-item downloads_cat_terms-and-conditions\">\r\n\r\n\t\t\t<div class=\"card\">\r\n\t\t\t\t\r\n\t\t\t\t\r\n\t\t\t\t\t\t\t\t<div class=\"card-body\">\r\n\t\t\t\t\t<div class=\"row\">\r\n\t\t\t\t\t\t<div class=\"col-lg-7\">\r\n\t\t\t\t\t\t\t<p><strong>Allgemeine Gesch\u00e4ftsbedingungen der Bundesfachgruppe Schwertransporte und Kranarbeiten<\/strong><\/p>\r\n\t\t\t\t\t\t\t<p>Stand 16.11.2020<\/p>\n\t\t\t\t\t\t<\/div>\r\n\t\t\t\t\t\t<div class=\"col-lg-5\">\r\n\t\t\t\t\t\t\t\r\n\t\t\t\t\t\t\t\t\t\t<div><a href=\"https:\/\/derda.de\/wp-content\/uploads\/2025\/12\/AGB-BSK-Kran-Transport-2020.pdf\" target=\"_blank\" class=\"stretched-link\">Download<\/a> <small class=\"ml-1\">244.99 KB<\/small><\/div>\r\n\t\t\t\t\t\t\t\t\t\t\r\n\t\t\t\t\t\t\t\t\t\t\t\t\t\t\t<\/div>\r\n\t\t\t\t\t<\/div>\r\n\r\n\t\t\t\t<\/div>\r\n\t\t\t\t\t\t\t<\/div>\r\n\r\n\t\t\t\r\n\t\t\t\r\n\t\t<\/div>\r\n\t<\/div><style>\/* post-masonry-downloads *\/\r\n\r\n:root {\r\n  --grid-item-gutter-sm: 10px;\r\n  --grid-item-gutter-md: 10px;\r\n  --grid-item-gutter-lg: 10px;\r\n  --grid-item-gutter-xl: 10px;\r\n}\r\n\r\n.post-masonry-downloads .grid-sizer,\r\n.post-masonry-downloads .grid-item {\r\n    width: 100%;\r\n}\r\n\r\n.post-masonry-downloads .grid-item{\r\n\tmargin-bottom: var(--grid-item-gutter-sm);\r\n}\r\n\r\n.post-masonry-downloads .grid-item .card{\r\n    border-radius: var(--base-radius);\r\n    overflow: hidden;\r\n    border: 0;\r\n    height: 100%;\r\n    flex: 1 0 0%;\r\n    transition:all 0.6s ease-in-out;\r\n    border-radius: 0;\r\n    background-color: var(--color-surface-1);\r\n    padding: var(--base-clearance-md) var(--base-clearance-md) var(--base-clearance-sm) var(--base-clearance-md);\r\n    border-radius: var(--base-radius);\r\n    transition: all .6s ease;\r\n}\r\n\r\n.post-masonry-downloads .grid-item .card:hover {\r\n    transform: translateY(-4px);\r\n    transition: all .3sease;\r\n}\r\n\r\n.post-masonry-downloads .grid-item .card > .card-body{\r\n    padding: 0;\r\n}\r\n\r\n.post-masonry-downloads .grid-item .card a{\r\n    color: var(--body-link);\r\n    text-decoration: underline;\r\n}\r\n.post-masonry-downloads .grid-item .card a:hover{\r\n    text-decoration: none;\r\n}\r\n.post-masonry-downloads .grid-item .card a:before {\r\n    content: \"\\f063\";\r\n    font-family: \"Font Awesome 5 Free\";\r\n    font-weight: 900;\r\n    -moz-osx-font-smoothing: grayscale;\r\n    -webkit-font-smoothing: antialiased;\r\n    display: inline-block;\r\n    font-style: normal;\r\n    font-variant: normal;\r\n    text-rendering: auto;\r\n    line-height: 1;\r\n    color: var(--color-red);\r\n    margin-right: var(--base-clearance-sm);\r\n    transform: rotate(-90deg);\r\n    transition: all .6s ease;\r\n}\r\n.post-masonry-downloads .grid-item .card a:hover:before {\r\n    transform: rotate(0deg);\r\n    transition: all .3s ease;\r\n}\r\n.post-masonry-downloads .grid-item .card .card-body p strong{\r\n    color: #000;\r\n    font-size: 18px;\r\n    line-height: 18px;\r\n}\r\n.post-masonry-downloads .grid-item .card .card-footer{\r\n    background-color: unset;\r\n    border-top: 0;\r\n    padding-top: 0;\r\n}\r\n.post-masonry-downloads .grid-item .card .card-footer div.small{\r\n    padding-left: 27px;\r\n}<\/style>[\/vc_column][\/vc_row]<\/p>\n<\/div>","protected":false},"excerpt":{"rendered":"<p>[vc_row full_width=&#8221;stretch_row&#8221; content_placement=&#8221;bottom&#8221; el_id=&#8221;page-header&#8221; el_class=&#8221;mb_lg&#8221;][vc_column offset=&#8221;vc_col-lg-9 vc_col-md-8&#8243;][vc_column_text css=&#8221;&#8221; el_class=&#8221;h1_to_h2 mb_sm&#8221;] GENERAL BUSINESS AND PACKAGING CONDITIONS OF DERDA LOGISTIK GMBH [\/vc_column_text][\/vc_column][vc_column width=&#8221;1\/12&#8243; offset=&#8221;vc_col-lg-3 vc_col-md-4 vc_hidden-sm vc_hidden-xs&#8221;][\/vc_column][\/vc_row][vc_row el_class=&#8221;mb_lg&#8221; el_id=&#8221;agb&#8221;][vc_column width=&#8221;2\/3&#8243;][vc_column_text css=&#8221;&#8221; el_class=&#8221;text_lg&#8221;] We operate exclusively in accordance with the Allgemeine Deutsche Spediteurbedingungen 2017 \u2013 ADSp 2017 \u2013 (German Freight Forwarders\u2018 General Terms and Conditions 2017), as well [&hellip;]<\/p>\n","protected":false},"author":1,"featured_media":0,"parent":0,"menu_order":26,"comment_status":"closed","ping_status":"closed","template":"","meta":{"_acf_changed":false,"inline_featured_image":false,"footnotes":""},"class_list":["post-3239","page","type-page","status-publish","hentry"],"acf":[],"_links":{"self":[{"href":"https:\/\/derda.de\/en\/wp-json\/wp\/v2\/pages\/3239","targetHints":{"allow":["GET"]}}],"collection":[{"href":"https:\/\/derda.de\/en\/wp-json\/wp\/v2\/pages"}],"about":[{"href":"https:\/\/derda.de\/en\/wp-json\/wp\/v2\/types\/page"}],"author":[{"embeddable":true,"href":"https:\/\/derda.de\/en\/wp-json\/wp\/v2\/users\/1"}],"replies":[{"embeddable":true,"href":"https:\/\/derda.de\/en\/wp-json\/wp\/v2\/comments?post=3239"}],"version-history":[{"count":4,"href":"https:\/\/derda.de\/en\/wp-json\/wp\/v2\/pages\/3239\/revisions"}],"predecessor-version":[{"id":3281,"href":"https:\/\/derda.de\/en\/wp-json\/wp\/v2\/pages\/3239\/revisions\/3281"}],"wp:attachment":[{"href":"https:\/\/derda.de\/en\/wp-json\/wp\/v2\/media?parent=3239"}],"curies":[{"name":"wp","href":"https:\/\/api.w.org\/{rel}","templated":true}]}}